{"id":4695,"date":"2025-12-22T23:59:53","date_gmt":"2025-12-23T04:59:53","guid":{"rendered":"https:\/\/www.skinstudioboutique.com\/?post_type=product&#038;p=4695"},"modified":"2025-12-22T23:59:53","modified_gmt":"2025-12-23T04:59:53","slug":"gel-de-calostro-enriquecido-con-vitaminas","status":"publish","type":"product","link":"https:\/\/www.skinstudioboutique.com\/?product=gel-de-calostro-enriquecido-con-vitaminas","title":{"rendered":"Gel De Calostro Enriquecido Con Vitaminas"},"content":{"rendered":"<p>DESCRIPCI\u00d3N<br \/>\n<strong>Suero hidratante y calmante para pieles sensibles<\/strong><\/p>\n<p>Environ Colostrum Gel es un suero hidratante y calmante que contiene una alta concentraci\u00f3n de\u00a0<strong>calostro bovino<\/strong>, enriquecido con\u00a0<strong>vitaminas<\/strong>\u00a0y poderosos\u00a0<strong>antioxidantes<\/strong>\u00a0como\u00a0<strong>el t\u00e9 verde<\/strong>,\u00a0<strong>la vitamina C<\/strong>\u00a0y\u00a0<strong>la vitamina E.<\/strong>\u00a0Este\u00a0<strong>suero que refuerza el sistema inmunol\u00f3gico<\/strong>\u00a0ayuda a proteger la piel de los factores estresantes internos y externos, dej\u00e1ndola suave, tranquila y protegida.<\/p>\n<p><strong>Beneficios clave del\u00a0<\/strong>gel de calostro:<\/p>\n<p>Mejora la apariencia de la piel sensible y ayuda a abordar las \u00e1reas problem\u00e1ticas.<\/p>\n<p>Ayuda a reducir las l\u00edneas finas y el da\u00f1o solar, promoviendo una tez m\u00e1s joven y radiante.<\/p>\n<p>Infundido con una ligera fragancia de lavanda, creando una sensaci\u00f3n de paz y armon\u00eda.<\/p>\n<p><em>Tama\u00f1o: 30 ml \/ 1,01 fl oz<\/p>\n<p><\/em><\/p>\n<p>C\u00d3MO UTILIZAR<br \/>\nLimpiar previamente, limpiar y tonificar con los productos Environ Skin Care que se prefieran. Aplicar Colostrum Gel de manera uniforme en el rostro, cuello y escote o cualquier \u00e1rea sensible antes de humectar con su humectante habitual de Environ enriquecido con vitamina A. Usar por la ma\u00f1ana y\/o por la noche. Nota: Colostrum Gel puede introducirse durante cualquier etapa del SISTEMA STEP-UP de vitaminas.<\/p>\n<p>&nbsp;<\/p>\n<p>INGREDIENTES<br \/>\nAqua (agua), calostro, pentilenglicol, alcohol desnaturalizado, glicerina, aceite de ricino hidrogenado PEG-40, fenoxietanol, extracto de ra\u00edz de Cimicifuga Racemosa, acetato de tocoferol, goma xantana, hidr\u00f3xido de sodio, fosfato de ascorbilo y magnesio, hidroxipropil guar, aceite de semilla de Helianthus annuus (flor de girasol), galato de epigalocatequina, EDTA dis\u00f3dico, alcohol, etilhexilglicerina, extracto de hoja de Rosmarinus ofcinalis (romero), aceite de Lavandula angustifolia (lavanda), maltodextrina, tocoferol, linalol, limoneno.<br \/>\n*Nota: esta lista de ingredientes est\u00e1 sujeta a cambios. Consulta el envase del producto para ver la lista de ingredientes m\u00e1s actualizada.<\/p>\n","protected":false},"excerpt":{"rendered":"<p>DESCRIPCI\u00d3N Suero hidratante y calmante para pieles sensibles Environ Colostrum Gel es un suero hidratante y calmante que contiene una alta concentraci\u00f3n de\u00a0calostro bovino, enriquecido con\u00a0vitaminas\u00a0y poderosos\u00a0antioxidantes\u00a0como\u00a0el t\u00e9 verde,\u00a0la vitamina C\u00a0y\u00a0la vitamina E.\u00a0Este\u00a0suero que refuerza el sistema inmunol\u00f3gico\u00a0ayuda a proteger la piel de los factores estresantes internos y externos, dej\u00e1ndola suave, tranquila y protegida. Beneficios &hellip; <a href=\"https:\/\/www.skinstudioboutique.com\/?product=gel-de-calostro-enriquecido-con-vitaminas\" class=\"more-link\">Continue reading <span class=\"screen-reader-text\">Gel De Calostro Enriquecido Con Vitaminas<\/span><\/a><\/p>\n","protected":false},"featured_media":4696,"comment_status":"open","ping_status":"closed","template":"","meta":[],"product_brand":[135],"product_cat":[47,121],"product_tag":[],"class_list":{"0":"post-4695","1":"product","2":"type-product","3":"status-publish","4":"has-post-thumbnail","6":"product_brand-environ-skincare-colombia","7":"product_cat-environ-focus-care","8":"product_cat-environ-focus-care-comfort","11":"instock","12":"shipping-taxable","13":"product-type-simple"},"_links":{"self":[{"href":"https:\/\/www.skinstudioboutique.com\/index.php?rest_route=\/wp\/v2\/product\/4695","targetHints":{"allow":["GET"]}}],"collection":[{"href":"https:\/\/www.skinstudioboutique.com\/index.php?rest_route=\/wp\/v2\/product"}],"about":[{"href":"https:\/\/www.skinstudioboutique.com\/index.php?rest_route=\/wp\/v2\/types\/product"}],"replies":[{"embeddable":true,"href":"https:\/\/www.skinstudioboutique.com\/index.php?rest_route=%2Fwp%2Fv2%2Fcomments&post=4695"}],"version-history":[{"count":1,"href":"https:\/\/www.skinstudioboutique.com\/index.php?rest_route=\/wp\/v2\/product\/4695\/revisions"}],"predecessor-version":[{"id":4697,"href":"https:\/\/www.skinstudioboutique.com\/index.php?rest_route=\/wp\/v2\/product\/4695\/revisions\/4697"}],"wp:featuredmedia":[{"embeddable":true,"href":"https:\/\/www.skinstudioboutique.com\/index.php?rest_route=\/wp\/v2\/media\/4696"}],"wp:attachment":[{"href":"https:\/\/www.skinstudioboutique.com\/index.php?rest_route=%2Fwp%2Fv2%2Fmedia&parent=4695"}],"wp:term":[{"taxonomy":"product_brand","embeddable":true,"href":"https:\/\/www.skinstudioboutique.com\/index.php?rest_route=%2Fwp%2Fv2%2Fproduct_brand&post=4695"},{"taxonomy":"product_cat","embeddable":true,"href":"https:\/\/www.skinstudioboutique.com\/index.php?rest_route=%2Fwp%2Fv2%2Fproduct_cat&post=4695"},{"taxonomy":"product_tag","embeddable":true,"href":"https:\/\/www.skinstudioboutique.com\/index.php?rest_route=%2Fwp%2Fv2%2Fproduct_tag&post=4695"}],"curies":[{"name":"wp","href":"https:\/\/api.w.org\/{rel}","templated":true}]}}